{"id":1863,"date":"2023-06-28T14:23:01","date_gmt":"2023-06-28T19:23:01","guid":{"rendered":"https:\/\/cieez.gorgas.gob.pa\/?page_id=1863"},"modified":"2023-11-13T08:53:52","modified_gmt":"2023-11-13T13:53:52","slug":"publicaciones","status":"publish","type":"page","link":"https:\/\/cieez.gorgas.gob.pa\/?page_id=1863","title":{"rendered":"Publicaciones"},"content":{"rendered":"\t\t<div data-elementor-type=\"wp-page\" data-elementor-id=\"1863\" class=\"elementor elementor-1863\" data-elementor-post-type=\"page\">\n\t\t\t\t<div class=\"elementor-element elementor-element-486268f e-flex e-con-boxed e-con e-parent\" data-id=\"486268f\" data-element_type=\"container\" data-e-type=\"container\">\n\t\t\t\t\t<div class=\"e-con-inner\">\n\t\t\t\t<div class=\"elementor-element elementor-element-7b3b500 elementor-widget elementor-widget-shortcode\" data-id=\"7b3b500\" data-element_type=\"widget\" data-e-type=\"widget\" data-widget_type=\"shortcode.default\">\n\t\t\t\t<div class=\"elementor-widget-container\">\n\t\t\t\t\t\t\t<div class=\"elementor-shortcode\"><div class=\"arconix-box arconix-box-lblue\"><i class='fa fa-2x pull-left download'><\/i><div class=\"arconix-box-content\"><strong><u>Selecci\u00f3n de publicaciones realizadas en revistas indexadas (Peer-Reviewed) <\/u><\/strong><\/p>\n<ol>\n<li>Armi\u00e9n, B.; Mu\u00f1oz, C.; Cede\u00f1o, H.; Salazar, J.R.; Salinas, T.P.; Gonz\u00e1lez, P.; Trujillo, J.; S\u00e1nchez, D.; Mari\u00f1as, J.; Hern\u00e1ndez, A.; et al. Hantavirus in Panama: Twenty Years of Epidemiological Surveillance Experience. Viruses 2023, 15, 1395<strong>. <\/strong><strong><a style=\"color: #333399\" href=\"https:\/\/doi.org\/10.3390\/v15061395\" target=\"_blank\" rel=\"noopener\">https:\/\/doi.org\/10.3390\/v15061395<\/a><\/strong> .<\/li>\n<li>Publio Gonzalez, Jacqueline R. Salazar, Tybbysay P. Salinas, Mario Avila, Jocelyn P. Colella, Jonathan L. Dunnum, Gregory E. Glass, Gloria Gonzalez, Enos Juarez, Kimberly Lindblade, Edwin Pile, Yaxelis Mendoza, Juan Miguel Pascale, Anibal G. Armien, Joseph A. Cook, and Blas Armien. Two Decades of Wildlife Pathogen Surveillance: Case Study of Choclo orthohantavirus and Its Wild Reservoir Oligoryzomys costaricensis. Viruses 2023, 15, 1390. <strong><a style=\"color: #333399\" href=\"https:\/\/doi.org\/10.3390\/v15061390\" target=\"_blank\" rel=\"noopener\">https:\/\/doi.org\/10.3390\/v15061390<\/a> .<\/strong><\/li>\n<li>Hesse S, Nu\u00f1ez H, Salazar JR, Salinas TP, Barrera E, Chong R, Torres S, Cumbrera A, Olivares I, Junco A, Matteo C, Gonz\u00e1lez C, Chavarr\u00eda O, Moreno A, G\u00f3ndola J, \u00c1brego L, D\u00edaz Y, Pitti Y, Franco D, Mart\u00ednez-Montero M, Pascale JM, L\u00f3pez-Verg\u00e8s S, Mart\u00ednez AA, Armi\u00e9n B. 2021. Case Report: First Confirmed Case of Coinfection of SARS-CoV-2 With Choclo Orthohantavirus. Frontiers in Tropical Diseases. <strong><a style=\"color: #09589e\" href=\"https:\/\/doi.org\/10.3390\/v15061390\" target=\"_blank\" rel=\"noopener\">https:\/\/www.frontiersin.org\/article\/10.3389\/fitd.2021.769330<\/a><\/strong><\/li>\n<li>Salinas T, Garrido JL, Salazar J, Gonzalez P, Zambrano N, Fuentes Villalobos F, Bravo F, Fica-Leon V, Salas-Burgos A, Calvo M, Alvarez R, Armien B, Barria MI. 2021. Cytokine Profiles and Antibody Response Associated to Choclo Orthohantavirus Infection. Frontiers in Immunology. <strong><a style=\"color: #333399\" href=\"https:\/\/doi.org\/10.3389\/fimmu.2021.603228\" target=\"_blank\" rel=\"noopener\">https:\/\/doi.org\/10.3389\/fimmu.2021.603228<\/a><\/strong><\/li>\n<li>Cook JA, Arai S,\u00a0Armi\u00e9n B, Bates J, Bonilla CAC, Cortez MBS, Dunnum JL, Ferguson AW, Johnson KM, Khan FAA, Paul DL, Reeder DM, Revelez MA, Simmons NB, Thiers BM, Thompson CW, Upham NS, Vanhove MPM, Webala PW, Weksler M, Yanagihara R, Soltis PS. Integrating Biodiversity Infrastructure into Pathogen Discovery and Mitigation of Emerging Infectious Diseases. 2020 Jul 1;70(6):531-534. <strong><a style=\"color: #333399\" href=\"https:\/\/pubmed.ncbi.nlm.nih.gov\/32665736\/\" target=\"_blank\" rel=\"noopener\">https:\/\/pubmed.ncbi.nlm.nih.gov\/32665736\/<\/a><\/strong><strong>.<\/strong> <a style=\"color: #333399\" href=\"https:\/\/doi.org\/10.1093\/biosci\/biaa064\" target=\"_blank\" rel=\"noopener\"><strong>https:\/\/doi.org\/10.1093\/biosci\/biaa064<\/strong><\/a>. Epub 2020 Jun 24.<\/li>\n<li>Harris C, Armi\u00e9n B. Sociocultural determinants of adoption of preventive practices for hantavirus: A knowledge, attitudes, and practices survey in Tonos\u00ed, Panama. PLoS Negl Trop Dis. 2020 Feb 27;14(2):e0008111. doi: 10.1371\/journal.pntd.0008111. <strong><a style=\"color: #333399\" href=\"https:\/\/journals.plos.org\/plosntds\/article?id=10.1371\/journal.pntd.0008111\" target=\"_blank\" rel=\"noopener\">https:\/\/journals.plos.org\/plosntds\/article?id=10.1371\/journal.pntd.0008111<\/a>.\u00a0<span style=\"color: #333399\"><a style=\"color: #333399\" href=\"https:\/\/www.ncbi.nlm.nih.gov\/pubmed\/32107494\" target=\"_blank\" rel=\"noopener\">https:\/\/www.ncbi.nlm.nih.gov\/pubmed\/32107494<\/a><\/span><\/strong><\/li>\n<li>Galbreath KE, Hoberg EP, Cook JA, Armi\u00e9n B, Bell KC, Campbell ML, Dunnum JL, Dursahinhan AT, Eckerlin RP, Gardner SL, Greiman SE, Henttonen H, Jim\u00e9nez FA, Koehler AVA, Nyamsuren B, Tkach VV, Torres-P\u00e9rez F, Tsvetkova A, Hope AG. Building an integrated infrastructure for exploring biodiversity: field collections and archives of mammals and parasites. J Mammal. 2019 Apr 24;100(2):382-393. doi: <strong><a style=\"color: #333399\" href=\"http:\/\/dx.doi.org\/10.1093\/jmammal\/gyz048\" target=\"_blank\" rel=\"noopener\">1093\/jmammal\/gyz048<\/a><\/strong>. Epub 2019 Apr 10.<\/li>\n<li>Dunnum JL, Yanagihara R, Johnson KM,Armi\u00e9n B, Batsaikhan N, Morgan L, Cook JA.\u00a0Biospecimen Repositories and Integrated Databases as Critical Infrastructure for Pathogen Discovery and Pathobiology Research.PLoS Negl Trop Dis. 2017 Jan 26;11(1):e0005133. <strong><a style=\"color: #333399\" href=\"https:\/\/doi.org\/10.1371\/journal.pntd.0005133\" target=\"_blank\" rel=\"noopener\">https:\/\/doi.org\/10.1371\/journal.pntd.0005133<\/a><\/strong><\/li>\n<li>Blas Armi\u00e9n, Paulo Lazaro Ortiz, Publio Gonzalez, Alberto Cumbrera, Alina Rivero, Mario Avila, An\u00edbal G. Armi\u00e9n, Frederick Koster, Gregory Glass. Spatial-temporal distribution of Hantavirus rodent-borne infection by\u00a0<em>Oligoryzomys<\/em><em>fulvescens<\/em>\u00a0in the Agua Buena region \u2013 Panama . PLoS Negl Trop Dis. 2016 Feb 19;10(2):e0004460. <strong><a style=\"color: #09589e\" href=\"https:\/\/doi.org\/10.1371\/journal.pntd.0005133\" target=\"_blank\" rel=\"noopener\">https:\/\/doi.org\/10.1371\/journal.pntd.0004460<\/a><\/strong><\/li>\n<li>Blas Armi\u00e9n, Juan M. Pascale, Carlos Mu\u00f1oz, Jamileth Mari\u00f1as, Heydy N\u00fa\u00f1ez, Milagro Herrera, Jos\u00e9 Trujillo, Deyanira S\u00e1nchez, Yaxelis Mendoza, Brian Hjelle, and Frederick Koster , HRG. Hantavirus Fever without Pulmonary Syndrome in Panama. Am J Trop Med Hyg. 2013 Sep;89(3):489-94. <strong><a style=\"color: #333399\" href=\"https:\/\/doi.org\/10.4269\/ajtmh.12-0334\" target=\"_blank\" rel=\"noopener\">https:\/\/doi.org\/10.4269\/ajtmh.12-0334<\/a><\/strong><\/li>\n<li>Blas Armi\u00e9n, Juan M. Pascale, Carlos Munoz, Sang-Joon Lee, Kook L. Choi, Mario Avila, Candida Broce, Anibal G. Armi\u00e9n, Fernando Gracia, Brian Hjelle, and Frederick Koster. Incidence Rate for Hantavirus Infections without Pulmonary Syndrome, Panama. EID, Volume 17, Number 10\u2014October 2011. <strong><a style=\"color: #333399\" href=\"https:\/\/doi.org\/10.3201\/eid1710.101717\" target=\"_blank\" rel=\"noopener\">https:\/\/doi.org\/10.3201\/eid1710.101717<\/a><\/strong><\/li>\n<li>Nelson R, Ca\u00f1ate R, Pascale JM, Dragoo JW, Armi\u00e9n B, Armi\u00e9n AG, Koster F.\u00a0Confirmation of Choclo virus as the cause of hantavirus cardiopulmonary syndrome and high serum antibody prevalence in Panama. Med Virol. 2010 Sep;82(9):1586-93. <strong><a style=\"color: #09589e\" href=\"https:\/\/doi.org\/10.1002\/jmv.21864\" target=\"_blank\" rel=\"noopener\">https:\/\/doi.org\/10.1002\/jmv.21864<\/a><\/strong><\/li>\n<li>Gracia F, Armi\u00e9n B, Simpson SQ, Munoz C, Broce C, Pascale JM, Koster F.\u00a0Convalescent Pulmonary Dysfunction Following Hantavirus Pulmonary Syndrome in Panama and the United States. 2010 Oct;188(5):387-91. Epub 2010 Jun 4. <strong><a style=\"color: #333399\" href=\"https:\/\/doi.org\/10.1002\/jmv.21864\" target=\"_blank\" rel=\"noopener\">https:\/\/doi.org\/10.1007\/s00408-010-9245-4<\/a><\/strong><\/li>\n<li>Publio Gonz\u00e1lez, Yad\u00e9eh E. Sawyer, Mario Avila, An\u00edbal G. Armi\u00e9n, Blas Armi\u00e9n, Joseph A. Cook. Variation in Cytochrome-<em>b<\/em>\u00a0Haplotypes Suggests a New Species of\u00a0<em>Zygodontomys<\/em>\u00a0(Rodentia: Cricetidae) endemic to Isla Coiba, Panama. Zoologia (Curitiba, Impr.)\u00a0vol.27\u00a0no.4\u00a0Curitiba\u00a0Aug.\u00a02010. <strong><a style=\"color: #333399\" href=\"https:\/\/doi.org\/10.1590\/S1984-46702010000400014\" target=\"_blank\" rel=\"noopener\">https:\/\/doi.org\/10.1590\/S1984-46702010000400014<\/a>.<\/strong><\/li>\n<li>An\u00edbal G. Armi\u00e9n, Blas Armi\u00e9n, Frederick Koster, Juan Miguel Pascale, Mario Avila, Publio Gonzalez, Manuel De La Cruz, Yamitzel Zaldivar, Yaxelis Mendoza, Fernando Gracia, Brian Hjelle, Sang-Joon Lee, Terry L.Yates and Jorge Salazar\u2013Bravo. Hantavirus Infection and Habitat Associations among Rodent Populations in Agroecosystems of Panama: Implications for Human Disease Risk. Am J Trop Med Hyg. 2009 Jul;81(1):59-66. <strong><a style=\"color: #09589e\" href=\"https:\/\/pubmed.ncbi.nlm.nih.gov\/19556568\/\" target=\"_blank\" rel=\"noopener\">https:\/\/pubmed.ncbi.nlm.nih.gov\/19556568\/<\/a><\/strong><\/li>\n<li>Suz\u00e1n G, Marc\u00e9 E, Giermakowski JT, Mills JN, Ceballos G, Ostfeld RS, Armi\u00e9n B, Pascale JM, Yates TL.\u00a0Experimental evidence for reduced rodent diversity causing increased hantavirus prevalence.PLoS ONE. 2009;4(5):e5461. Epub 2009 May 6. <strong><a style=\"color: #09589e\" href=\"https:\/\/doi.org\/10.1371\/journal.pone.0005461\" target=\"_blank\" rel=\"noopener\">https:\/\/doi.org\/10.1371\/journal.pone.0005461<\/a><\/strong><\/li>\n<li>Suz\u00e1n G, Marc\u00e9 E, Giermakowski JT, Armi\u00e9n B, Pascale J, Mills J, Ceballos G, G\u00f3mez A, Aguirre AA, Salazar-Bravo J, Armi\u00e9n A, Parmenter R, Yates T.\u00a0The effect of habitat fragmentation and species diversity loss on hantavirus prevalence in Panama.Ann N Y Acad Sci. 2008 Dec;1149:80-3. <strong><a style=\"color: #333399\" href=\"https:\/\/doi.org\/10.1196\/annals.1428.063\" target=\"_blank\" rel=\"noopener\">https:\/\/doi.org\/10.1196\/annals.1428.063<\/a><\/strong><\/li>\n<li>Gerardo Suz\u00e1n, Anibal Armi\u00e9n, James N. Mills, Erika Marc\u00e9, Gerardo Ceballos, Mario \u00c1vila, Jorge Salazar-Bravo, Luis Ruedas, Blas Armi\u00e9n, Terry L. Yates. Epidemiological Considerations of Rodent Community Composition in Fragmented Landscapes in Panama,\u00a0<em>Journal of Mammalogy<\/em>, Volume 89, Issue 3, 5 June 2008, Pages 684\u2013690. <strong><a style=\"color: #09589e\" href=\"https:\/\/doi.org\/10.1644\/07-MAMM-A-015R1.1\" target=\"_blank\" rel=\"noopener\">https:\/\/doi.org\/10.1644\/07-MAMM-A-015R1.1<\/a><\/strong><\/li>\n<li>Gerardo Suz\u00e1n, J. Tomasz Giermakowski, Erika Marc\u00e9, Humberto Suz\u00e1n, Blas Armi\u00e9n, and Terry L.Yates. Modelling Hantavirus reservoir species dominance in high seroprevalence areas on the Azuero Peninsula of Panama. Am J Trop Med Hyg. 2006 Jun;74(6):1103-10. <strong><a style=\"color: #09589e\" href=\"https:\/\/doi.org\/10.4269\/ajtmh.2006.74.1103\" target=\"_blank\" rel=\"noopener\">https:\/\/doi.org\/10.4269\/ajtmh.2006.74.1103<\/a><\/strong><\/li>\n<li>Vicente Bayard, Paul Kitsutani, Eduardo O. Barria, Luis A. Ruedas, David S. Tinnin, Carlos Mu\u00f1oz, Itza B. de Mosca, Gladys Guerrero, Rudick Kant, Arsenio Garcia, Lorenzo C\u00e1ceres, Fernando Gracia, Evelia Quiroz, Zoila Castillo, Blas Armi\u00e9n, Marlo Libel, James N. Mills, Ali S. Khan, Stuard T. Nichol, Pierre E. Rollin, Thomas G. Ksiazek and Clerence J. Peters. Outbreak of hantavirus pulmonary syndrome, Los Santos, Panama, 1999-2000.\u00a0<em>Emerging infectious diseases<\/em>,\u00a0<em>10<\/em>(9), 1635-1642. <strong><a style=\"color: #09589e\" href=\"https:\/\/doi.org\/10.3201\/eid1009.040143\" target=\"_blank\" rel=\"noopener\">https:\/\/doi.org\/10.3201\/eid1009.040143<\/a><\/strong><\/li>\n<li>Armi\u00e9n, B., J. M. Pascale, V. Bayard, C. Mu\u00f1oz, I. Mosca, G. Guerrero, A. Armi\u00e9n, E. Quiroz, Z. Castillo, Y. Zaldivar, F. Gracia, B. Hjelle and F. Koster: High seroprevalence of hantavirus infection on the Azuero peninsula of Panama. Am J Trop Med Hyg. 2004 Jun;70(6):682-7.<strong>(<a style=\"color: #333399\" href=\"https:\/\/doi.org\/10.4269\/ajtmh.2004.70.682\" target=\"_blank\" rel=\"noopener\">https:\/\/doi.org\/10.4269\/ajtmh.2004.70.682 <\/a>)<\/strong><\/li>\n<li>Luis A. Ruedas, Jorge Salazar-Bravo, David S. Tinnin, Blas Armi\u00e9n, Lorenzo C\u00e1ceres, Arsenio Garc\u00eda, Mario \u00c1vila D\u00edaz, Fernando Gracia, Gerardo Suz\u00e1n, C. J. Peters, Terry L. Yates, and James N. Mills. Community ecology of small mammal populations in Panama following an outbreak of Hantavirus pulmonary syndrome. J Vector Ecol. 2004 Jun;29(1):177-91. <strong><a style=\"color: #333399\" href=\"https:\/\/pubmed.ncbi.nlm.nih.gov\/15266755\/\" target=\"_blank\" rel=\"noopener\">https:\/\/pubmed.ncbi.nlm.nih.gov\/15266755\/<\/a><\/strong><\/li>\n<li>Jorge Salazar-Bravo, Blas Armi\u00e9n, Gerardo Suz\u00e1n, Anibal Armi\u00e9n, Luis A.Ruedas, Mario Avila, Yamizel Zald\u00edvar, Juan M. Pascale, Fernando Gracia, and Terry L. Yates, Serosurvey of Wild Rodents for Hantaviruses in Panama, 2000\u20132002. Journal of Wildlife Diseases: January 2004, Vol. 40, No. 1, pp. 103-109.<strong>(<a style=\"color: #333399\" href=\"https:\/\/doi.org\/10.7589\/0090-3558-40.1.103\" target=\"_blank\" rel=\"noopener\">https:\/\/doi.org\/10.7589\/0090-3558-40.1.103<\/a>)<\/strong><\/li>\n<li>Vincent, M. J., Quiroz, E., Gracia, F., Sanchez, A. J., Ksiazek, T. G., Kitsutani, P. T., Ruedas, L. A., Tinnin, D. S., Caceres, L., Garcia, A., Rollin, P. E., Mills, J. N., Peters, C. J., &amp; Nichol, S. T. Hantavirus pulmonary syndrome in Panama: identification of novel hantaviruses and their likely reservoirs.\u00a0<em>Virology<\/em>,\u00a02000, <em>277<\/em>(1), 14\u201319. <strong><a style=\"color: #333399\" href=\"https:\/\/doi.org\/10.1006\/viro.2000.0563\" target=\"_blank\" rel=\"noopener\">https:\/\/doi.org\/10.1006\/viro.2000.0563<\/a><\/strong><\/li>\n<\/ol>\n<p><strong><u>Selecci\u00f3n de otras publicaciones realizadas (Libros, Gu\u00edas y Normas)<\/u><\/strong><\/p>\n<p>MINSA-CSS-ICGES. Gu\u00eda de Manejo de la Enfermedad por Hantavirus en Panam\u00e1. Editores: Blas Armi\u00e9n, Bernardino Denis, Hector Cede\u00f1o. ISBN 978-9962-699-12-5. Enero 2016. <strong>(<a style=\"color: #09589e\" href=\"http:\/\/www.gorgas.gob.pa\/Documentos\/Guia_Hantavirus.pdf\" target=\"_blank\" rel=\"noopener\">http:\/\/www.gorgas.gob.pa\/Documentos\/Guia_Hantavirus.pdf<\/a>)<\/strong><\/p>\n<p>MINSA-CSS-ICGES. Norma de Vigilancia Epidemiol\u00f3gica de Hantavirus en Panam\u00e1. Editores: Blas Armi\u00e9n, Bernardino Denis, Hector Cede\u00f1o. ISBN 978-9962-699-13-2. Enero 2016. <strong>(<a style=\"color: #09589e\" href=\"http:\/\/www.gorgas.gob.pa\/Documentos\/Normativa_Hantavirus.pdf\" target=\"_blank\" rel=\"noopener\">http:\/\/www.gorgas.gob.pa\/Documentos\/Normativa_Hantavirus.pdf<\/a>)<\/strong><br \/><strong><a style=\"color: #333399\" href=\"http:\/\/www.gorgas.gob.pa\/Documentos\/Guia_y_Normativa_Hantavirus.pdf\" target=\"_blank\" rel=\"noopener\">http:\/\/www.gorgas.gob.pa\/Documentos\/Guia_y_Normativa_Hantavirus.pdf<\/a><\/strong><br \/><\/div><\/div><\/div>\n\t\t\t\t\t\t<\/div>\n\t\t\t\t<\/div>\n\t\t\t\t\t<\/div>\n\t\t\t\t<\/div>\n\t\t<div class=\"elementor-element elementor-element-05c1b81 e-flex e-con-boxed e-con e-parent\" data-id=\"05c1b81\" data-element_type=\"container\" data-e-type=\"container\">\n\t\t\t\t\t<div class=\"e-con-inner\">\n\t\t\t\t\t<\/div>\n\t\t\t\t<\/div>\n\t\t\t\t<\/div>\n\t\t","protected":false},"excerpt":{"rendered":"","protected":false},"author":1,"featured_media":0,"parent":0,"menu_order":0,"comment_status":"closed","ping_status":"closed","template":"","meta":{"site-sidebar-layout":"no-sidebar","site-content-layout":"page-builder","ast-site-content-layout":"full-width-container","site-content-style":"unboxed","site-sidebar-style":"unboxed","ast-global-header-display":"","ast-banner-title-visibility":"","ast-main-header-display":"","ast-hfb-above-header-display":"","ast-hfb-below-header-display":"","ast-hfb-mobile-header-display":"","site-post-title":"disabled","ast-breadcrumbs-content":"","ast-featured-img":"disabled","footer-sml-layout":"","ast-disable-related-posts":"","theme-transparent-header-meta":"","adv-header-id-meta":"","stick-header-meta":"","header-above-stick-meta":"","header-main-stick-meta":"","header-below-stick-meta":"","astra-migrate-meta-layouts":"set","ast-page-background-enabled":"default","ast-page-background-meta":{"desktop":{"background-color":"var(--ast-global-color-4)","background-image":"","background-repeat":"repeat","background-position":"center center","background-size":"auto","background-attachment":"scroll","background-type":"","background-media":"","overlay-type":"","overlay-color":"","overlay-opacity":"","overlay-gradient":""},"tablet":{"background-color":"","background-image":"","background-repeat":"repeat","background-position":"center center","background-size":"auto","background-attachment":"scroll","background-type":"","background-media":"","overlay-type":"","overlay-color":"","overlay-opacity":"","overlay-gradient":""},"mobile":{"background-color":"","background-image":"","background-repeat":"repeat","background-position":"center center","background-size":"auto","background-attachment":"scroll","background-type":"","background-media":"","overlay-type":"","overlay-color":"","overlay-opacity":"","overlay-gradient":""}},"ast-content-background-meta":{"desktop":{"background-color":"var(--ast-global-color-5)","background-image":"","background-repeat":"repeat","background-position":"center center","background-size":"auto","background-attachment":"scroll","background-type":"","background-media":"","overlay-type":"","overlay-color":"","overlay-opacity":"","overlay-gradient":""},"tablet":{"background-color":"var(--ast-global-color-5)","background-image":"","background-repeat":"repeat","background-position":"center center","background-size":"auto","background-attachment":"scroll","background-type":"","background-media":"","overlay-type":"","overlay-color":"","overlay-opacity":"","overlay-gradient":""},"mobile":{"background-color":"var(--ast-global-color-5)","background-image":"","background-repeat":"repeat","background-position":"center center","background-size":"auto","background-attachment":"scroll","background-type":"","background-media":"","overlay-type":"","overlay-color":"","overlay-opacity":"","overlay-gradient":""}},"_kadence_starter_templates_imported_post":false,"footnotes":""},"class_list":["post-1863","page","type-page","status-publish","hentry"],"_links":{"self":[{"href":"https:\/\/cieez.gorgas.gob.pa\/index.php?rest_route=\/wp\/v2\/pages\/1863","targetHints":{"allow":["GET"]}}],"collection":[{"href":"https:\/\/cieez.gorgas.gob.pa\/index.php?rest_route=\/wp\/v2\/pages"}],"about":[{"href":"https:\/\/cieez.gorgas.gob.pa\/index.php?rest_route=\/wp\/v2\/types\/page"}],"author":[{"embeddable":true,"href":"https:\/\/cieez.gorgas.gob.pa\/index.php?rest_route=\/wp\/v2\/users\/1"}],"replies":[{"embeddable":true,"href":"https:\/\/cieez.gorgas.gob.pa\/index.php?rest_route=%2Fwp%2Fv2%2Fcomments&post=1863"}],"version-history":[{"count":45,"href":"https:\/\/cieez.gorgas.gob.pa\/index.php?rest_route=\/wp\/v2\/pages\/1863\/revisions"}],"predecessor-version":[{"id":2443,"href":"https:\/\/cieez.gorgas.gob.pa\/index.php?rest_route=\/wp\/v2\/pages\/1863\/revisions\/2443"}],"wp:attachment":[{"href":"https:\/\/cieez.gorgas.gob.pa\/index.php?rest_route=%2Fwp%2Fv2%2Fmedia&parent=1863"}],"curies":[{"name":"wp","href":"https:\/\/api.w.org\/{rel}","templated":true}]}}